{"id":9933,"date":"2023-06-12T12:19:14","date_gmt":"2023-06-12T11:19:14","guid":{"rendered":"https:\/\/advancedseeds.com\/web\/?post_type=product&#038;p=9933"},"modified":"2025-03-22T16:49:28","modified_gmt":"2025-03-22T15:49:28","slug":"fire-dog-advanced-seeds","status":"publish","type":"product","link":"https:\/\/advancedseeds.com\/it\/tienda\/feminizadas\/fire-dog-advanced-seeds\/","title":{"rendered":"CANE DA FUOCO"},"content":{"rendered":"<p><span style=\"font-weight: 400\">Se sei arrivato fin qui, \u00e8 perch\u00e9 hai bisogno di una variet\u00e0 di cannabis speciale, e devo dirti che sei stato molto fortunato, amico mio, perch\u00e9 il <\/span><a href=\"https:\/\/advancedseeds.com\/web\/categoria-producto\/feminizadas\/\"><b>Semi femminizzati<\/b><\/a><b> CANE DA FUOCO<\/b><span style=\"font-weight: 400\"> di Advanced Seeds sono una meraviglia per ogni appassionato di cannabis. Questa variet\u00e0, nota per il suo elevato THC e l'aroma eccezionale, \u00e8 una scelta perfetta per i coltivatori che cercano un tipo di erba fuori dal comune.<\/span><\/p>\n<h2><span style=\"font-weight: 400\">Qual \u00e8 la genetica di questi semi?<\/span><\/h2>\n<p><span style=\"font-weight: 400\">Fire DOG \u00e8 il risultato di un meticoloso incrocio tra Cookies Fire e Wedding Cake, due ceppi rinomati nel mondo della cannabis. Con una dominanza indica di 80%, questa pianta ha ereditato la densit\u00e0, la potenza e la robustezza di Cookies Fire con il gusto delizioso e l'effetto equilibrato di Wedding Cake. La sua genetica garantisce un raccolto resistente e versatile, adatto a diversi ambienti e tecniche di coltivazione.<\/span><\/p>\n<h2><span style=\"font-weight: 400\">Che aspetto ha l'Fire DOG?<\/span><\/h2>\n<p><span style=\"font-weight: 400\">L'aspetto della Fire DOG \u00e8 impressionante: piante di medie dimensioni con una struttura robusta e compatta. Le foglie verde scuro intenso creano un attraente contrasto con le cime dense e resinose. Queste ultime possono anche assumere sfumature viola o porpora con le temperature pi\u00f9 fresche, rendendole ancora pi\u00f9 accattivanti. Le cime sono ricoperte da uno spesso strato di tricomi, il che indica la loro elevata produzione di THC e il loro potenziale per le estrazioni.<\/span><\/p>\n<h2><span style=\"font-weight: 400\">Come si coltivano questi semi all'interno e all'esterno?<\/span><\/h2>\n<h3><span style=\"font-weight: 400\">Coltivazione indoor:<\/span><\/h3>\n<p><span style=\"font-weight: 400\"> La Fire DOG \u00e8 una variet\u00e0 molto grata e adatta ad essere coltivata da tutti i tipi di coltivatori, indipendentemente dalla loro precedente esperienza. Non richiede cure estremamente specifiche, adattandosi bene a diversi metodi di coltivazione, quindi potete scegliere la tecnica che preferite. Risponde in modo eccezionale alle tecniche di potatura e modellatura, permettendo di ottimizzare lo spazio e migliorare l'esposizione alla luce. \u00c8 fondamentale mantenere un ambiente controllato, con un'umidit\u00e0 il pi\u00f9 possibile bassa durante la fioritura, per garantire uno sviluppo ottimale e prevenire problemi di parassiti, funghi o malattie.<\/span><\/p>\n<h3><span style=\"font-weight: 400\">Coltivazione all'aperto:<\/span><\/h3>\n<p><span style=\"font-weight: 400\">Questa variet\u00e0 pu\u00f2 crescere molto in altezza se coltivata senza i fattori limitanti di luce, spazio e cibo. In climi caldi e soleggiati, pu\u00f2 raggiungere altezze impressionanti, superando facilmente i 2,5 metri. \u00c8 importante fornire spazio sufficiente alle sue radici per espandersi e accedere a tutte le sostanze nutritive necessarie. Tuttavia, se volete potenziare questa parte, aggiungete tricoderma o micorrize al substrato e alle prime annaffiature. Essendo una pianta resistente, affronta bene le variazioni climatiche, anche se beneficia di un ambiente caldo e asciutto. La potatura e il traliccio possono essere utili per controllare la sua crescita e migliorare la distribuzione e la produzione complessiva di gemme.<\/span><\/p>\n<h2><span style=\"font-weight: 400\">Quando vengono raccolti i semi femminilizzati Fire DOG?<\/span><\/h2>\n<p><span style=\"font-weight: 400\">La raccolta al chiuso dell'Fire DOG avviene di solito dopo una <\/span><b>Periodo di fioritura di 8-9 settimane<\/b><span style=\"font-weight: 400\">. All'aperto, le cime sono pronte per essere raccolte a fine settembre o all'inizio di ottobre nell'emisfero settentrionale. \u00c8 fondamentale osservare lo sviluppo dei tricomi per determinare il punto ottimale di maturazione, alla ricerca di un equilibrio tra potenza, sapore ed effetto.<\/span><\/p>\n<h2><span style=\"font-weight: 400\">Quanto producono questi semi?<\/span><\/h2>\n<p><span style=\"font-weight: 400\">La Fire DOG \u00e8 una variet\u00e0 ad alto rendimento sotto ogni punto di vista, perch\u00e9 produce una grande quantit\u00e0 di fiori, tricomi, terpeni e cannabinoidi. Al chiuso, i coltivatori possono aspettarsi rese di circa 500 g\/m2, mentre all'aperto le piante possono produrre quantit\u00e0 simili per pianta. Oltre alla sua abbondante produzione, si distingue per la qualit\u00e0 delle sue cime dure come la roccia.<\/span><\/p>\n<h2><span style=\"font-weight: 400\">Qual \u00e8 l'aroma e il gusto dell'Fire DOG?<\/span><\/h2>\n<p><span style=\"font-weight: 400\">Il profilo terpenico della Fire DOG \u00e8 complesso e accattivante, di quelli che si distinguono per la loro originalit\u00e0. Gli aromi terrosi si mescolano a note floreali e a quel tocco frizzante tipico delle moderne variet\u00e0 americane, creando un ambiente olfattivo profondo e piacevole. Quando viene fumata, il sapore \u00e8 potente e persistente, con una miscela di note terrose e dolci che permangono sul palato, offrendo un'esperienza gustativa unica e soddisfacente.<\/span><\/p>\n<h2><span style=\"font-weight: 400\">Che tipo di effetto ha questa marijuana?<\/span><\/h2>\n<p><span style=\"font-weight: 400\">L'effetto della Fire DOG, con un contenuto di THC superiore alla 25%, \u00e8 prevalentemente rilassante e calmante, tipico della sua eredit\u00e0 indica. Tuttavia, all'inizio fornisce anche uno sballo allegro ed energico, che la rende perfetta per rilassarsi senza sentirsi eccessivamente sedati. \u00c8 ideale per alleviare lo stress e migliorare l'umore, e pu\u00f2 avere benefici terapeutici per alleviare il dolore e migliorare il sonno.<\/span><\/p>\n<h2><span style=\"font-weight: 400\">Acquistare semi femminilizzati Fire DOG al miglior prezzo online<\/span><\/h2>\n<p><span style=\"font-weight: 400\">Acquistate i vostri semi femminizzati Fire DOG da Advanced Seeds ora al miglior prezzo online. Godetevi il suo impressionante aroma, il suo sapore e i suoi potenti effetti - non perdetevi questa variet\u00e0 a dominanza indica che vi porter\u00e0 in un viaggio di relax e benessere!<\/span><\/p>\n<h2><span style=\"font-weight: 400\">Domande frequenti su Fiore DOG<\/span><\/h2>\n<h3><span style=\"font-weight: 400\">Come influisce il tipo di substrato sulla coltivazione di Fire DOG?<\/span><\/h3>\n<p><span style=\"font-weight: 400\">Fire DOG si adatta a diversi tipi di substrati, ma preferisce substrati ricchi di nutrienti per uno sviluppo ottimale.<\/span><\/p>\n<h3><span style=\"font-weight: 400\">Quali precauzioni si devono prendere quando si coltiva l'Fire DOG?<\/span><\/h3>\n<p><span style=\"font-weight: 400\">\u00c8 importante controllare l'irrigazione e l'umidit\u00e0, soprattutto durante la fioritura, per evitare la muffa.<\/span><\/p>\n<h3><span style=\"font-weight: 400\">La Fire DOG pu\u00f2 essere coltivata in climi freddi?<\/span><\/h3>\n<p><span style=\"font-weight: 400\">Anche se preferisce i climi caldi, \u00e8 resistente e pu\u00f2 adattarsi a climi pi\u00f9 freddi se si prendono le dovute precauzioni.<\/span><\/p>\n<h3><span style=\"font-weight: 400\">Quali tecniche di addestramento sono consigliate per l'Fire DOG?<\/span><\/h3>\n<p><span style=\"font-weight: 400\">Tecniche come la cimatura o la FIM possono essere efficaci per promuovere un'ulteriore crescita laterale e aumentare la resa.<\/span><\/p>","protected":false},"excerpt":{"rendered":"<p>Variet\u00e0 a predominanza Indica. Cime super dense e appiccicose di colore verde scuro e tonalit\u00e0 viola chiaro. Elevata produzione di tricomi con un alto livello di THC, che raggiunge oltre 25 %. Gli aromi che produce sono caratterizzati da tocchi floreali e terrosi.<\/p>","protected":false},"featured_media":19811,"comment_status":"open","ping_status":"closed","template":"","meta":{"_acf_changed":false},"product_brand":[],"product_cat":[69],"product_tag":[],"class_list":{"0":"post-9933","1":"product","2":"type-product","3":"status-publish","4":"has-post-thumbnail","6":"product_cat-feminizadas","8":"first","9":"instock","10":"taxable","11":"shipping-taxable","12":"purchasable","13":"product-type-variable"},"acf":[],"yoast_head":"<!-- This site is optimized with the Yoast SEO Premium plugin v26.3 (Yoast SEO v26.6) - https:\/\/yoast.com\/wordpress\/plugins\/seo\/ -->\n<title>Fire DOG - Advanced Seeds<\/title>\n<meta name=\"robots\" content=\"index, follow, max-snippet:-1, max-image-preview:large, max-video-preview:-1\" \/>\n<link rel=\"canonical\" href=\"https:\/\/advancedseeds.com\/it\/tienda\/feminizadas\/fire-dog-advanced-seeds\/\" \/>\n<meta property=\"og:locale\" content=\"it_IT\" \/>\n<meta property=\"og:type\" content=\"article\" \/>\n<meta property=\"og:title\" content=\"Fire DOG\" \/>\n<meta property=\"og:description\" content=\"Variedad con predominancia indica. Cogollos super densos y pegajosos de color verde oscuro y ligeros tonos morados. Alt\u00edsima producci\u00f3n de tricomas con alto nivel de THC, llegando a superar el 25 %. Los aromas que produce se caracterizan por sus toques florales y terrosos.\" \/>\n<meta property=\"og:url\" content=\"https:\/\/advancedseeds.com\/it\/tienda\/feminizadas\/fire-dog-advanced-seeds\/\" \/>\n<meta property=\"og:site_name\" content=\"Advanced Seeds\" \/>\n<meta property=\"article:modified_time\" content=\"2025-03-22T15:49:28+00:00\" \/>\n<meta property=\"og:image\" content=\"https:\/\/advancedseeds.com\/web\/wp-content\/uploads\/2023\/06\/FIRE-D.O.G.jpg\" \/>\n\t<meta property=\"og:image:width\" content=\"1540\" \/>\n\t<meta property=\"og:image:height\" content=\"2310\" \/>\n\t<meta property=\"og:image:type\" content=\"image\/jpeg\" \/>\n<meta name=\"twitter:card\" content=\"summary_large_image\" \/>\n<meta name=\"twitter:label1\" content=\"Tempo di lettura stimato\" \/>\n\t<meta name=\"twitter:data1\" content=\"5 minuti\" \/>\n<script type=\"application\/ld+json\" class=\"yoast-schema-graph\">{\"@context\":\"https:\/\/schema.org\",\"@graph\":[{\"@type\":\"WebPage\",\"@id\":\"https:\/\/advancedseeds.com\/tienda\/feminizadas\/fire-dog-advanced-seeds\/\",\"url\":\"https:\/\/advancedseeds.com\/tienda\/feminizadas\/fire-dog-advanced-seeds\/\",\"name\":\"Fire DOG - Advanced Seeds\",\"isPartOf\":{\"@id\":\"https:\/\/advancedseeds.com\/#website\"},\"primaryImageOfPage\":{\"@id\":\"https:\/\/advancedseeds.com\/tienda\/feminizadas\/fire-dog-advanced-seeds\/#primaryimage\"},\"image\":{\"@id\":\"https:\/\/advancedseeds.com\/tienda\/feminizadas\/fire-dog-advanced-seeds\/#primaryimage\"},\"thumbnailUrl\":\"https:\/\/advancedseeds.com\/web\/wp-content\/uploads\/2023\/06\/FIRE-D.O.G.jpg\",\"datePublished\":\"2023-06-12T11:19:14+00:00\",\"dateModified\":\"2025-03-22T15:49:28+00:00\",\"breadcrumb\":{\"@id\":\"https:\/\/advancedseeds.com\/tienda\/feminizadas\/fire-dog-advanced-seeds\/#breadcrumb\"},\"inLanguage\":\"it-IT\",\"potentialAction\":[{\"@type\":\"ReadAction\",\"target\":[\"https:\/\/advancedseeds.com\/tienda\/feminizadas\/fire-dog-advanced-seeds\/\"]}]},{\"@type\":\"ImageObject\",\"inLanguage\":\"it-IT\",\"@id\":\"https:\/\/advancedseeds.com\/tienda\/feminizadas\/fire-dog-advanced-seeds\/#primaryimage\",\"url\":\"https:\/\/advancedseeds.com\/web\/wp-content\/uploads\/2023\/06\/FIRE-D.O.G.jpg\",\"contentUrl\":\"https:\/\/advancedseeds.com\/web\/wp-content\/uploads\/2023\/06\/FIRE-D.O.G.jpg\",\"width\":1540,\"height\":2310},{\"@type\":\"BreadcrumbList\",\"@id\":\"https:\/\/advancedseeds.com\/tienda\/feminizadas\/fire-dog-advanced-seeds\/#breadcrumb\",\"itemListElement\":[{\"@type\":\"ListItem\",\"position\":1,\"name\":\"Home\",\"item\":\"https:\/\/advancedseeds.com\/\"},{\"@type\":\"ListItem\",\"position\":2,\"name\":\"Tienda\",\"item\":\"https:\/\/advancedseeds.com\/\"},{\"@type\":\"ListItem\",\"position\":3,\"name\":\"Fire DOG\"}]},{\"@type\":\"WebSite\",\"@id\":\"https:\/\/advancedseeds.com\/#website\",\"url\":\"https:\/\/advancedseeds.com\/\",\"name\":\"Advanced Seeds\",\"description\":\"Gen\u00e9ticas Avanzadas en semillas feminizadas y autom\u00e1ticas.\",\"publisher\":{\"@id\":\"https:\/\/advancedseeds.com\/#organization\"},\"potentialAction\":[{\"@type\":\"SearchAction\",\"target\":{\"@type\":\"EntryPoint\",\"urlTemplate\":\"https:\/\/advancedseeds.com\/?s={search_term_string}\"},\"query-input\":{\"@type\":\"PropertyValueSpecification\",\"valueRequired\":true,\"valueName\":\"search_term_string\"}}],\"inLanguage\":\"it-IT\"},{\"@type\":\"Organization\",\"@id\":\"https:\/\/advancedseeds.com\/#organization\",\"name\":\"Advanced Seeds\",\"url\":\"https:\/\/advancedseeds.com\/\",\"logo\":{\"@type\":\"ImageObject\",\"inLanguage\":\"it-IT\",\"@id\":\"https:\/\/advancedseeds.com\/#\/schema\/logo\/image\/\",\"url\":\"https:\/\/advancedseeds.com\/web\/wp-content\/uploads\/2021\/01\/logo-advanced.jpg\",\"contentUrl\":\"https:\/\/advancedseeds.com\/web\/wp-content\/uploads\/2021\/01\/logo-advanced.jpg\",\"width\":600,\"height\":600,\"caption\":\"Advanced Seeds\"},\"image\":{\"@id\":\"https:\/\/advancedseeds.com\/#\/schema\/logo\/image\/\"}}]}<\/script>\n<!-- \/ Yoast SEO Premium plugin. -->","yoast_head_json":{"title":"Fire DOG - Advanced Seeds","robots":{"index":"index","follow":"follow","max-snippet":"max-snippet:-1","max-image-preview":"max-image-preview:large","max-video-preview":"max-video-preview:-1"},"canonical":"https:\/\/advancedseeds.com\/it\/tienda\/feminizadas\/fire-dog-advanced-seeds\/","og_locale":"it_IT","og_type":"article","og_title":"Fire DOG","og_description":"Variedad con predominancia indica. Cogollos super densos y pegajosos de color verde oscuro y ligeros tonos morados. Alt\u00edsima producci\u00f3n de tricomas con alto nivel de THC, llegando a superar el 25 %. Los aromas que produce se caracterizan por sus toques florales y terrosos.","og_url":"https:\/\/advancedseeds.com\/it\/tienda\/feminizadas\/fire-dog-advanced-seeds\/","og_site_name":"Advanced Seeds","article_modified_time":"2025-03-22T15:49:28+00:00","og_image":[{"width":1540,"height":2310,"url":"https:\/\/advancedseeds.com\/web\/wp-content\/uploads\/2023\/06\/FIRE-D.O.G.jpg","type":"image\/jpeg"}],"twitter_card":"summary_large_image","twitter_misc":{"Tempo di lettura stimato":"5 minuti"},"schema":{"@context":"https:\/\/schema.org","@graph":[{"@type":"WebPage","@id":"https:\/\/advancedseeds.com\/tienda\/feminizadas\/fire-dog-advanced-seeds\/","url":"https:\/\/advancedseeds.com\/tienda\/feminizadas\/fire-dog-advanced-seeds\/","name":"Fire DOG - Advanced Seeds","isPartOf":{"@id":"https:\/\/advancedseeds.com\/#website"},"primaryImageOfPage":{"@id":"https:\/\/advancedseeds.com\/tienda\/feminizadas\/fire-dog-advanced-seeds\/#primaryimage"},"image":{"@id":"https:\/\/advancedseeds.com\/tienda\/feminizadas\/fire-dog-advanced-seeds\/#primaryimage"},"thumbnailUrl":"https:\/\/advancedseeds.com\/web\/wp-content\/uploads\/2023\/06\/FIRE-D.O.G.jpg","datePublished":"2023-06-12T11:19:14+00:00","dateModified":"2025-03-22T15:49:28+00:00","breadcrumb":{"@id":"https:\/\/advancedseeds.com\/tienda\/feminizadas\/fire-dog-advanced-seeds\/#breadcrumb"},"inLanguage":"it-IT","potentialAction":[{"@type":"ReadAction","target":["https:\/\/advancedseeds.com\/tienda\/feminizadas\/fire-dog-advanced-seeds\/"]}]},{"@type":"ImageObject","inLanguage":"it-IT","@id":"https:\/\/advancedseeds.com\/tienda\/feminizadas\/fire-dog-advanced-seeds\/#primaryimage","url":"https:\/\/advancedseeds.com\/web\/wp-content\/uploads\/2023\/06\/FIRE-D.O.G.jpg","contentUrl":"https:\/\/advancedseeds.com\/web\/wp-content\/uploads\/2023\/06\/FIRE-D.O.G.jpg","width":1540,"height":2310},{"@type":"BreadcrumbList","@id":"https:\/\/advancedseeds.com\/tienda\/feminizadas\/fire-dog-advanced-seeds\/#breadcrumb","itemListElement":[{"@type":"ListItem","position":1,"name":"Home","item":"https:\/\/advancedseeds.com\/"},{"@type":"ListItem","position":2,"name":"Tienda","item":"https:\/\/advancedseeds.com\/"},{"@type":"ListItem","position":3,"name":"Fire DOG"}]},{"@type":"WebSite","@id":"https:\/\/advancedseeds.com\/#website","url":"https:\/\/advancedseeds.com\/","name":"Semi avanzati","description":"Genetica avanzata in semi femminizzati e automatici.","publisher":{"@id":"https:\/\/advancedseeds.com\/#organization"},"potentialAction":[{"@type":"SearchAction","target":{"@type":"EntryPoint","urlTemplate":"https:\/\/advancedseeds.com\/?s={search_term_string}"},"query-input":{"@type":"PropertyValueSpecification","valueRequired":true,"valueName":"search_term_string"}}],"inLanguage":"it-IT"},{"@type":"Organization","@id":"https:\/\/advancedseeds.com\/#organization","name":"Semi avanzati","url":"https:\/\/advancedseeds.com\/","logo":{"@type":"ImageObject","inLanguage":"it-IT","@id":"https:\/\/advancedseeds.com\/#\/schema\/logo\/image\/","url":"https:\/\/advancedseeds.com\/web\/wp-content\/uploads\/2021\/01\/logo-advanced.jpg","contentUrl":"https:\/\/advancedseeds.com\/web\/wp-content\/uploads\/2021\/01\/logo-advanced.jpg","width":600,"height":600,"caption":"Advanced Seeds"},"image":{"@id":"https:\/\/advancedseeds.com\/#\/schema\/logo\/image\/"}}]}},"_links":{"self":[{"href":"https:\/\/advancedseeds.com\/it\/wp-json\/wp\/v2\/product\/9933","targetHints":{"allow":["GET"]}}],"collection":[{"href":"https:\/\/advancedseeds.com\/it\/wp-json\/wp\/v2\/product"}],"about":[{"href":"https:\/\/advancedseeds.com\/it\/wp-json\/wp\/v2\/types\/product"}],"replies":[{"embeddable":true,"href":"https:\/\/advancedseeds.com\/it\/wp-json\/wp\/v2\/comments?post=9933"}],"wp:featuredmedia":[{"embeddable":true,"href":"https:\/\/advancedseeds.com\/it\/wp-json\/wp\/v2\/media\/19811"}],"wp:attachment":[{"href":"https:\/\/advancedseeds.com\/it\/wp-json\/wp\/v2\/media?parent=9933"}],"wp:term":[{"taxonomy":"product_brand","embeddable":true,"href":"https:\/\/advancedseeds.com\/it\/wp-json\/wp\/v2\/product_brand?post=9933"},{"taxonomy":"product_cat","embeddable":true,"href":"https:\/\/advancedseeds.com\/it\/wp-json\/wp\/v2\/product_cat?post=9933"},{"taxonomy":"product_tag","embeddable":true,"href":"https:\/\/advancedseeds.com\/it\/wp-json\/wp\/v2\/product_tag?post=9933"}],"curies":[{"name":"wp","href":"https:\/\/api.w.org\/{rel}","templated":true}]}}